{"id":73,"date":"2019-07-24T07:26:57","date_gmt":"2019-07-24T07:26:57","guid":{"rendered":"https:\/\/127.0.0.1\/lifestyle\/?page_id=73"},"modified":"2020-03-16T18:23:43","modified_gmt":"2020-03-16T18:23:43","slug":"contact","status":"publish","type":"page","link":"https:\/\/elakademia.com\/fr\/contact\/","title":{"rendered":"Contact"},"content":{"rendered":"<div class=\"wp-block-coblocks-row coblocks-row-07142234413\" data-columns=\"2\" data-layout=\"50-50\"><div class=\"wp-block-coblocks-row__inner has-medium-gutter has-no-padding has-no-margin is-stacked-on-mobile\">\n<div class=\"wp-block-coblocks-column coblocks-column-07142239411\" style=\"width:50%\"><div class=\"wp-block-coblocks-column__inner has-no-padding has-no-margin\">\n<h2 class=\"wp-block-heading\">Mentions l\u00e9gales<\/h2>\n\n\n\n<p>Responsable du contenu :  <br>El Akademia e.V.,  Monia Rizkallah<br>Dahlmannstr. 9, 10629 Berlin <br>Registre des associations : VR 37478 B <br>R\u00e9daction : Guntram Halder, Murielle Na\u00eftali, Bernd Kr\u00fcger<br>Photos : El Akademia,  Pixabay<br>Webdesign : <a rel=\"noreferrer noopener\" href=\"https:\/\/www.printplusweb.de\/\" target=\"_blank\">print+web<\/a> Bernd Kr\u00fcger, \u00e0 l'aide d'un th\u00e8me de <a rel=\"noreferrer noopener\" href=\"https:\/\/themebeans.com\/\" target=\"_blank\">ThemeBeans<\/a> <br>Traduction : <a rel=\"noreferrer noopener\" aria-label=\"Place des \u00e9crits  (\u00f6ffnet in neuem Tab)\" href=\"https:\/\/placedesecrits.fr\/\" target=\"_blank\">Place des \u00e9crits <\/a>Murielle Na\u00eftali<\/p>\n\n\n\n<h2 class=\"wp-block-heading\">protection des donn\u00e9es<\/h2>\n\n\n\n<p>Les donn\u00e9es personnelles que vous nous fournissez sont collect\u00e9es dans le cadre des dispositions du R\u00e8glement g\u00e9n\u00e9ral sur la protection des donn\u00e9es (RGPD) de l'Union europ\u00e9enne. Vos donn\u00e9es ne sont conserv\u00e9es que le temps n\u00e9cessaire pour r\u00e9pondre \u00e0 votre demande. Elles ne sont pas divulgu\u00e9es \u00e0 des tiers. Vous pouvez en demander la suppression \u00e0 tout moment.  <br>Ce site a \u00e9t\u00e9 cr\u00e9\u00e9 avec WordPress. Il est h\u00e9berg\u00e9 par Heberfacile (Casablanca). Les vid\u00e9os int\u00e9gr\u00e9es sont h\u00e9berg\u00e9es sur YouTube. WordPress, Heberfacile et Google peuvent utiliser des informations sur la recherche. El Akademia e.V. n'utilise pas de cookies \u00e0 des fins d'analyse ou de publicit\u00e9. <br>Les \u00e9diteurs respectifs sont responsables du contenu des sites web li\u00e9s.  <\/p>\n<\/div><\/div>\n\n\n\n<div class=\"wp-block-coblocks-column coblocks-column-07142239419\" style=\"width:50%\"><div class=\"wp-block-coblocks-column__inner has-background has-padding has-small-padding has-no-margin\" style=\"background-color:#bf974e\">\n<h2 class=\"wp-block-heading\">Contact<\/h2>\n\n\n\n<form name=\"vscf_73\" id=\"vscf\" class=\"vscf-shortcode\" method=\"post\" action=\"\">\r\n\t<div class=\"form-group vscf-name-group\">\r\n\t\t<label for=\"vscf_name\" class=\"vscf-label\">Nom <\/label>\r\n\t\t<input type=\"text\" name=\"vscf_name_73\" id=\"vscf_name\"  class=\"form-control\" placeholder=\"\" value=\"\" minlength=\"2\" maxlength=\"100\" aria-required=\"true\" \/>\r\n\t\t\r\n\t<\/div>\r\n\t<div class=\"form-group vscf-email-group\">\r\n\t\t<label for=\"vscf_email\" class=\"vscf-label\">E-mail <\/label>\r\n\t\t<input type=\"email\" name=\"vscf_email_73\" id=\"vscf_email\"  class=\"form-control\" placeholder=\"\" value=\"\" maxlength=\"100\" aria-required=\"true\" \/>\r\n\t\t\r\n\t<\/div>\r\n\t\r\n\t\t<div class=\"form-group vscf-subject-group\">\r\n\t\t\t<label for=\"vscf_subject\" class=\"vscf-label\">Sujet <\/label>\r\n\t\t\t<input type=\"text\" name=\"vscf_subject_73\" id=\"vscf_subject\"  class=\"form-control\" placeholder=\"\" value=\"\" minlength=\"2\" maxlength=\"100\" aria-required=\"true\" \/>\r\n\t\t\t\r\n\t\t<\/div>\r\n\t\r\n\t\r\n\t\t<div class=\"form-group vscf-sum-group\">\r\n\t\t\t<label for=\"vscf_sum\" class=\"vscf-label\">4 + 9 =<\/label>\r\n\t\t\t<input type=\"text\" name=\"vscf_sum_73\" id=\"vscf_sum\"  class=\"form-control\" placeholder=\"\" value=\"\" pattern=\"[0-9]{1,2}\" maxlength=\"100\" aria-required=\"true\" \/>\r\n\t\t\t\r\n\t\t<\/div>\r\n\t\r\n\t<div class=\"form-group vscf-hide\">\r\n\t\t<label for=\"vscf_first_random\">Please ignore this field<\/label>\r\n\t\t<input type=\"text\" name=\"vscf_first_random_73\" id=\"vscf_first_random\" class=\"form-control\" tabindex=\"-1\" value=\"\" maxlength=\"100\" \/>\r\n\t<\/div>\r\n\t<div class=\"form-group vscf-hide\">\r\n\t\t<label for=\"vscf_second_random\">Please ignore this field<\/label>\r\n\t\t<input type=\"text\" name=\"vscf_second_random_73\" id=\"vscf_second_random\" class=\"form-control\" tabindex=\"-1\" value=\"\" maxlength=\"100\" \/>\r\n\t<\/div>\r\n\t<div class=\"form-group vscf-message-group\">\r\n\t\t<label for=\"vscf_message\" class=\"vscf-label\">Message <\/label>\r\n\t\t<textarea name=\"vscf_message_73\" id=\"vscf_message\" rows=\"10\"  class=\"form-control\" placeholder=\"\" minlength=\"10\" maxlength=\"10000\" aria-required=\"true\"><\/textarea>\r\n\t\t\r\n\t<\/div>\r\n\t<div class=\"form-group vscf-display-none\">\r\n\t\t<input type=\"hidden\" name=\"vscf_time_73\" id=\"vscf_time\" class=\"form-control\" value=\"1775397621\" \/>\r\n\t<\/div>\r\n\t\r\n\t<div class=\"form-group vscf-display-none\">\r\n\t\t<input type=\"hidden\" id=\"vscf_nonce\" name=\"vscf_nonce\" value=\"3ce24569bd\" \/><input type=\"hidden\" name=\"_wp_http_referer\" value=\"\/fr\/wp-json\/wp\/v2\/pages\/73\" \/>\r\n\t<\/div>\r\n\t<div class=\"form-group vscf-submit-group\">\r\n\t\t<button type=\"submit\" name=\"vscf_send_73\" id=\"vscf_send\" class=\"btn btn-primary\">Envoyer<\/button>\r\n\t<\/div>\r\n\t\r\n<input type=\"hidden\" name=\"trp-form-language\" value=\"fr\"\/><\/form>\n<\/div><\/div>\n<\/div><\/div>\n\n\n\n<h3 class=\"has-text-align-center wp-block-heading\"><strong> <\/strong><a aria-label=\"Follow us on facebook (opens in a new tab)\" href=\"https:\/\/www.facebook.com\/byMoniarizkallah\/\" target=\"_blank\" rel=\"noreferrer noopener\">Suivez-nous sur Facebook<\/a><\/h3>","protected":false},"excerpt":{"rendered":"<p>Suivez-nous sur Facebook<\/p>","protected":false},"author":1,"featured_media":370,"parent":0,"menu_order":0,"comment_status":"closed","ping_status":"closed","template":"","meta":{"_coblocks_attr":"","_coblocks_dimensions":"","_coblocks_responsive_height":"","_coblocks_accordion_ie_support":"","footnotes":""},"class_list":["post-73","page","type-page","status-publish","has-post-thumbnail","hentry","odd"],"_links":{"self":[{"href":"https:\/\/elakademia.com\/fr\/wp-json\/wp\/v2\/pages\/73","targetHints":{"allow":["GET"]}}],"collection":[{"href":"https:\/\/elakademia.com\/fr\/wp-json\/wp\/v2\/pages"}],"about":[{"href":"https:\/\/elakademia.com\/fr\/wp-json\/wp\/v2\/types\/page"}],"author":[{"embeddable":true,"href":"https:\/\/elakademia.com\/fr\/wp-json\/wp\/v2\/users\/1"}],"replies":[{"embeddable":true,"href":"https:\/\/elakademia.com\/fr\/wp-json\/wp\/v2\/comments?post=73"}],"version-history":[{"count":31,"href":"https:\/\/elakademia.com\/fr\/wp-json\/wp\/v2\/pages\/73\/revisions"}],"predecessor-version":[{"id":1198,"href":"https:\/\/elakademia.com\/fr\/wp-json\/wp\/v2\/pages\/73\/revisions\/1198"}],"wp:featuredmedia":[{"embeddable":true,"href":"https:\/\/elakademia.com\/fr\/wp-json\/wp\/v2\/media\/370"}],"wp:attachment":[{"href":"https:\/\/elakademia.com\/fr\/wp-json\/wp\/v2\/media?parent=73"}],"curies":[{"name":"wp","href":"https:\/\/api.w.org\/{rel}","templated":true}]}}